{"id":65,"date":"2020-10-04T17:44:29","date_gmt":"2020-10-04T20:44:29","guid":{"rendered":"http:\/\/monicasilva.net\/Home\/?page_id=65"},"modified":"2025-12-12T11:53:38","modified_gmt":"2025-12-12T14:53:38","slug":"perfil","status":"publish","type":"page","link":"https:\/\/monicasilva.net\/Home\/","title":{"rendered":"Perfil"},"content":{"rendered":"\n<p>M\u00f4nica Ferreira da Silva possui Doutorado em Administra\u00e7\u00e3o pelo COPPEAD\/UFRJ (2006) com foco em estrat\u00e9gias e sistemas, Mestrado em Engenharia de Sistemas e Computa\u00e7\u00e3o pela COPPE\/UFRJ (1998), Especializa\u00e7\u00e3o em Ger\u00eancia de Projetos pelo NCE\/UFRJ (2001) e Gradua\u00e7\u00e3o em Inform\u00e1tica pela Universidade Federal do Rio de Janeiro (UFRJ) conclu\u00eddo com grau cum laude de dignidade acad\u00eamica (1988). Atualmente \u00e9 pesquisadora da Universidade Federal do Rio de Janeiro (UFRJ); fundadora e l\u00edder do grupo de pesquisa Hum\u00e2nITas (UFRJ) desde 2006; membro do grupo de pesquisas ResiliSUS do Centro de Estudos Estrat\u00e9gicos da FIOCRUZ\/RJ e do Centro de Estudos em Gest\u00e3o de Servi\u00e7os de Sa\u00fade CES, do COPPEAD\/UFRJ. Atua como professora no programa de P\u00f3s-Gradua\u00e7\u00e3o em Inform\u00e1tica (PPGI\/UFRJ). Participa de orienta\u00e7\u00f5es de Mestrado e Doutorado na ELACH\/UMinho, Portugal. \u00c9 bolsista de P\u00f3s-Doutorado S\u00eanior do CNPq, coordena projeto Universal do CNPq e bolsa de Inicia\u00e7\u00e3o Cient\u00edfica da FAPERJ. Integrante do projeto GESTPLANTE, vinculado ao Programa Priorit\u00e1rio Sa\u00fade Digital (CATI\/MCTI). Foi Diretora da \u00c1rea de Atividades de Extens\u00e3o do NCE\/UFRJ (2016\/2019). Atuou com a Universit\u00e9 de Tours, Fran\u00e7a (2010-1012) e com a University of San Diego, EUA (2002-2010) em projetos de ensino. Tem experi\u00eancia nas \u00e1reas de Ci\u00eancia da Computa\u00e7\u00e3o e Administra\u00e7\u00e3o, com \u00eanfase em Gest\u00e3o da Tecnologia da Informa\u00e7\u00e3o. Atua principalmente nos seguintes temas: estrat\u00e9gia e sistemas de informa\u00e7\u00e3o, metodologia de pesquisa cient\u00edfica e ado\u00e7\u00e3o de tecnologia. Aplica suas pesquisas nas \u00e1reas de sa\u00fade e educa\u00e7\u00e3o, tendo diversos artigos publicados em peri\u00f3dicos, livros, cap\u00edtulos de livro e artigos em anais de congressos. \u00c9 membro do corpo editorial dos peri\u00f3dicos H2D &#8211; Revista de Humanidades Digitais (UMinho) e Meta: Avalia\u00e7\u00e3o (Faculdade Cesgranrio).<\/p>\n\n\n\n<p><\/p>\n","protected":false},"excerpt":{"rendered":"<p>M\u00f4nica Ferreira da Silva possui Doutorado em Administra\u00e7\u00e3o pelo COPPEAD\/UFRJ (2006) com foco em estrat\u00e9gias e sistemas, Mestrado em Engenharia de Sistemas e Computa\u00e7\u00e3o pela COPPE\/UFRJ (1998), Especializa\u00e7\u00e3o em Ger\u00eancia de Projetos pelo NCE\/UFRJ (2001) e Gradua\u00e7\u00e3o em Inform\u00e1tica pela Universidade Federal do Rio de Janeiro (UFRJ) conclu\u00eddo com grau cum laude de dignidade acad\u00eamica &hellip; <\/p>\n<p class=\"link-more\"><a href=\"https:\/\/monicasilva.net\/Home\/\" class=\"more-link\">Continue lendo<span class=\"screen-reader-text\"> &#8220;Perfil&#8221;<\/span><\/a><\/p>\n","protected":false},"author":1,"featured_media":0,"parent":0,"menu_order":0,"comment_status":"closed","ping_status":"closed","template":"","meta":[],"_links":{"self":[{"href":"https:\/\/monicasilva.net\/Home\/wp-json\/wp\/v2\/pages\/65"}],"collection":[{"href":"https:\/\/monicasilva.net\/Home\/wp-json\/wp\/v2\/pages"}],"about":[{"href":"https:\/\/monicasilva.net\/Home\/wp-json\/wp\/v2\/types\/page"}],"author":[{"embeddable":true,"href":"https:\/\/monicasilva.net\/Home\/wp-json\/wp\/v2\/users\/1"}],"replies":[{"embeddable":true,"href":"https:\/\/monicasilva.net\/Home\/wp-json\/wp\/v2\/comments?post=65"}],"version-history":[{"count":9,"href":"https:\/\/monicasilva.net\/Home\/wp-json\/wp\/v2\/pages\/65\/revisions"}],"predecessor-version":[{"id":348,"href":"https:\/\/monicasilva.net\/Home\/wp-json\/wp\/v2\/pages\/65\/revisions\/348"}],"wp:attachment":[{"href":"https:\/\/monicasilva.net\/Home\/wp-json\/wp\/v2\/media?parent=65"}],"curies":[{"name":"wp","href":"https:\/\/api.w.org\/{rel}","templated":true}]}}