{"id":77,"date":"2020-10-04T17:50:53","date_gmt":"2020-10-04T20:50:53","guid":{"rendered":"http:\/\/monicasilva.net\/Home\/?page_id=77"},"modified":"2022-12-04T17:33:14","modified_gmt":"2022-12-04T20:33:14","slug":"contato","status":"publish","type":"page","link":"https:\/\/monicasilva.net\/Home\/contato\/","title":{"rendered":"Contato"},"content":{"rendered":"\n<figure class=\"wp-block-image size-large is-style-rounded\"><img decoding=\"async\" loading=\"lazy\" width=\"856\" height=\"1024\" src=\"https:\/\/monicasilva.net\/Home\/wp-content\/uploads\/2022\/11\/Monica-foto-de-perfil-856x1024.jpg\" alt=\"\" class=\"wp-image-302\" srcset=\"https:\/\/monicasilva.net\/Home\/wp-content\/uploads\/2022\/11\/Monica-foto-de-perfil-856x1024.jpg 856w, https:\/\/monicasilva.net\/Home\/wp-content\/uploads\/2022\/11\/Monica-foto-de-perfil-251x300.jpg 251w, https:\/\/monicasilva.net\/Home\/wp-content\/uploads\/2022\/11\/Monica-foto-de-perfil-768x919.jpg 768w, https:\/\/monicasilva.net\/Home\/wp-content\/uploads\/2022\/11\/Monica-foto-de-perfil-1284x1536.jpg 1284w, https:\/\/monicasilva.net\/Home\/wp-content\/uploads\/2022\/11\/Monica-foto-de-perfil-1712x2048.jpg 1712w\" sizes=\"(max-width: 767px) 89vw, (max-width: 1000px) 54vw, (max-width: 1071px) 543px, 580px\" \/><figcaption class=\"wp-element-caption\">M\u00f4nica Ferreira da Silva<\/figcaption><\/figure>\n\n\n\n<p><strong>Professora do Corpo Permanente do PPGI<\/strong><br><strong>UFRJ <\/strong>&#8211; Universidade Federal do Rio de Janeiro<br><strong>CCMN <\/strong>&#8211; Centro de Ci\u00eancias Matem\u00e1ticas e da Natureza<br><strong>NCE <\/strong>&#8211; Instituto T\u00e9rcio Pacitti de Aplica\u00e7\u00f5es e Pesquisas Computacionais<br><strong>PPGI <\/strong>&#8211; Programa de P\u00f3s-gradua\u00e7\u00e3o em Inform\u00e1tica<\/p>\n\n\n\n<p>Av. Athos da Silveira Ramos, 274<br>CEP: 21.941-916 &#8211; Cidade Universit\u00e1ria<br>Rio de Janeiro, RJ &#8211; Brazil<br><br><a href=\"mailto: profmonicasilvamentoria@gmail.com\">e-mail: profmonicasilvamentoria@gmail.com<\/a><\/p>\n\n\n\n<p><a rel=\"noreferrer noopener\" href=\"https:\/\/www.youtube.com\/channel\/UC7zcJutVMzaJ-9ksYrOJ89Q\" target=\"_blank\">Canal do YouTube<\/a><\/p>\n\n\n\n<p><a href=\"http:\/\/www.instagram.com\/profmonicasilva\" target=\"_blank\" rel=\"noreferrer noopener\">Instagram<\/a><\/p>\n\n\n\n<p><a href=\"https:\/\/www.linkedin.com\/in\/profmonicasilva\/\" data-type=\"URL\" data-id=\"https:\/\/www.linkedin.com\/in\/profmonicasilva\/\" target=\"_blank\" rel=\"noreferrer noopener\">LinkedIn<\/a><\/p>\n","protected":false},"excerpt":{"rendered":"<p>Professora do Corpo Permanente do PPGIUFRJ &#8211; Universidade Federal do Rio de JaneiroCCMN &#8211; Centro de Ci\u00eancias Matem\u00e1ticas e da NaturezaNCE &#8211; Instituto T\u00e9rcio Pacitti de Aplica\u00e7\u00f5es e Pesquisas ComputacionaisPPGI &#8211; Programa de P\u00f3s-gradua\u00e7\u00e3o em Inform\u00e1tica Av. Athos da Silveira Ramos, 274CEP: 21.941-916 &#8211; Cidade Universit\u00e1riaRio de Janeiro, RJ &#8211; Brazil e-mail: profmonicasilvamentoria@gmail.com Canal do &hellip; <\/p>\n<p class=\"link-more\"><a href=\"https:\/\/monicasilva.net\/Home\/contato\/\" class=\"more-link\">Continue lendo<span class=\"screen-reader-text\"> &#8220;Contato&#8221;<\/span><\/a><\/p>\n","protected":false},"author":1,"featured_media":0,"parent":0,"menu_order":0,"comment_status":"closed","ping_status":"closed","template":"","meta":[],"_links":{"self":[{"href":"https:\/\/monicasilva.net\/Home\/wp-json\/wp\/v2\/pages\/77"}],"collection":[{"href":"https:\/\/monicasilva.net\/Home\/wp-json\/wp\/v2\/pages"}],"about":[{"href":"https:\/\/monicasilva.net\/Home\/wp-json\/wp\/v2\/types\/page"}],"author":[{"embeddable":true,"href":"https:\/\/monicasilva.net\/Home\/wp-json\/wp\/v2\/users\/1"}],"replies":[{"embeddable":true,"href":"https:\/\/monicasilva.net\/Home\/wp-json\/wp\/v2\/comments?post=77"}],"version-history":[{"count":27,"href":"https:\/\/monicasilva.net\/Home\/wp-json\/wp\/v2\/pages\/77\/revisions"}],"predecessor-version":[{"id":324,"href":"https:\/\/monicasilva.net\/Home\/wp-json\/wp\/v2\/pages\/77\/revisions\/324"}],"wp:attachment":[{"href":"https:\/\/monicasilva.net\/Home\/wp-json\/wp\/v2\/media?parent=77"}],"curies":[{"name":"wp","href":"https:\/\/api.w.org\/{rel}","templated":true}]}}