{"id":80,"date":"2020-10-04T17:52:32","date_gmt":"2020-10-04T20:52:32","guid":{"rendered":"http:\/\/monicasilva.net\/Home\/?page_id=80"},"modified":"2022-03-23T20:40:56","modified_gmt":"2022-03-23T23:40:56","slug":"humanitas","status":"publish","type":"page","link":"https:\/\/monicasilva.net\/Home\/humanitas\/","title":{"rendered":"Hum\u00e2nITas"},"content":{"rendered":"\n<div class=\"wp-block-image\"><figure class=\"aligncenter size-large\"><img decoding=\"async\" loading=\"lazy\" width=\"339\" height=\"161\" src=\"https:\/\/monicasilva.net\/Home\/wp-content\/uploads\/2021\/09\/Humanitas-1.jpeg\" alt=\"\" class=\"wp-image-227\" srcset=\"https:\/\/monicasilva.net\/Home\/wp-content\/uploads\/2021\/09\/Humanitas-1.jpeg 339w, https:\/\/monicasilva.net\/Home\/wp-content\/uploads\/2021\/09\/Humanitas-1-300x142.jpeg 300w\" sizes=\"(max-width: 339px) 100vw, 339px\" \/><\/figure><\/div>\n\n\n\n<p>O grupo de pesquisa <strong>Hum\u00e2nITas <\/strong>tem como objetivo estimular um olhar mais humano sobre o desenvolvimento e o uso de tecnologias da informa\u00e7\u00e3o, buscando gerar reflex\u00f5es e novas pr\u00e1ticas em pesquisadores, empresas, usu\u00e1rios de TI e governo.<\/p>\n\n\n\n<p><br>O grupo tem como foco aplica\u00e7\u00f5es nas \u00e1reas de Sa\u00fade e de Educa\u00e7\u00e3o, permitindo e estimulando a integra\u00e7\u00e3o da Computa\u00e7\u00e3o com diferentes \u00e1reas, como Medicina, Enfermagem e Pedagogia a fim de gerar e disseminar conhecimento multidisciplinar. Tamb\u00e9m produz conhecimentos e ferramentas no intuito de auxiliar gestores na tomada de decis\u00e3o e na governan\u00e7a de dados. Para isso, s\u00e3o combinados princ\u00edpios e conceitos das \u00e1reas de Gest\u00e3o Estrat\u00e9gica e de Ci\u00eancia da Computa\u00e7\u00e3o.<\/p>\n\n\n\n<p><br><strong>Hum\u00e2nITas <\/strong>tem ainda o objetivo de aprofundar e gerar conhecimento sobre m\u00e9todos e t\u00e9cnicas de pesquisa aplicados em Ci\u00eancia da Computa\u00e7\u00e3o.  Dentre os m\u00e9todos, temos: Design Science Research, Experimento e Estudo de Caso. S\u00e3o estudados tamb\u00e9m m\u00e9todos protocolares de revis\u00e3o de literatura, como Mapeamento Sistem\u00e1tico, Revis\u00e3o Sistem\u00e1tica, e Revis\u00e3o Multivocal.<\/p>\n\n\n\n<p><br>O grupo investiga tend\u00eancias e desafios do uso de inova\u00e7\u00f5es tecnol\u00f3gicas, considerando os avan\u00e7os na \u00e1rea da Ci\u00eancia da Computa\u00e7\u00e3o. Dessa forma, os pesquisadores do grupo utilizam estruturas conceituais como M\u00e9todos \u00c1geis, Machine Learning, Big Data e BlockChain.<\/p>\n\n\n\n<div class=\"is-layout-flow wp-block-group\"><div class=\"wp-block-group__inner-container\">\n<p><strong>Links Para o Grupo em Sites Cient\u00edficos:<\/strong><br>&#8211; <a rel=\"noreferrer noopener\" href=\"http:\/\/dgp.cnpq.br\/dgp\/espelhogrupo\/635926\" target=\"_blank\">Diret\u00f3rio de grupos do CNPq<\/a><br>&#8211; <a rel=\"noreferrer noopener\" href=\"https:\/\/pnipe.mctic.gov.br\/laboratory\/1483\" target=\"_blank\">Plataforma Nacional de Infraestrutura de Pesquisa &#8211; MCTI <\/a><br>&#8211; <a rel=\"noreferrer noopener\" href=\"http:\/\/www.pr2.ufrj.br\/laboratorios\/ccmn\" target=\"_blank\">Laborat\u00f3rios de pesquisa da UFRJ<\/a><\/p>\n\n\n\n<p><\/p>\n<\/div><\/div>\n\n\n\n<figure class=\"wp-block-image size-large\"><img decoding=\"async\" loading=\"lazy\" width=\"872\" height=\"455\" src=\"https:\/\/monicasilva.net\/Home\/wp-content\/uploads\/2021\/06\/Equipe-HumanITas-1-Copia-2.jpg\" alt=\"\" class=\"wp-image-216\" srcset=\"https:\/\/monicasilva.net\/Home\/wp-content\/uploads\/2021\/06\/Equipe-HumanITas-1-Copia-2.jpg 872w, https:\/\/monicasilva.net\/Home\/wp-content\/uploads\/2021\/06\/Equipe-HumanITas-1-Copia-2-300x157.jpg 300w, https:\/\/monicasilva.net\/Home\/wp-content\/uploads\/2021\/06\/Equipe-HumanITas-1-Copia-2-768x401.jpg 768w\" sizes=\"(max-width: 767px) 89vw, (max-width: 1000px) 54vw, (max-width: 1071px) 543px, 580px\" \/><\/figure>\n\n\n\n<figure class=\"wp-block-image size-large\"><img decoding=\"async\" loading=\"lazy\" width=\"841\" height=\"437\" src=\"https:\/\/monicasilva.net\/Home\/wp-content\/uploads\/2021\/06\/Equipe-HumnanITas-2.jpg\" alt=\"\" class=\"wp-image-218\" srcset=\"https:\/\/monicasilva.net\/Home\/wp-content\/uploads\/2021\/06\/Equipe-HumnanITas-2.jpg 841w, https:\/\/monicasilva.net\/Home\/wp-content\/uploads\/2021\/06\/Equipe-HumnanITas-2-300x156.jpg 300w, https:\/\/monicasilva.net\/Home\/wp-content\/uploads\/2021\/06\/Equipe-HumnanITas-2-768x399.jpg 768w\" sizes=\"(max-width: 767px) 89vw, (max-width: 1000px) 54vw, (max-width: 1071px) 543px, 580px\" \/><\/figure>\n\n\n\n<div class=\"wp-block-image\"><figure class=\"aligncenter size-large is-resized\"><img decoding=\"async\" loading=\"lazy\" src=\"https:\/\/monicasilva.net\/Home\/wp-content\/uploads\/2022\/03\/grupo2.png\" alt=\"\" class=\"wp-image-253\" width=\"542\" height=\"225\" srcset=\"https:\/\/monicasilva.net\/Home\/wp-content\/uploads\/2022\/03\/grupo2.png 931w, https:\/\/monicasilva.net\/Home\/wp-content\/uploads\/2022\/03\/grupo2-300x125.png 300w, https:\/\/monicasilva.net\/Home\/wp-content\/uploads\/2022\/03\/grupo2-768x319.png 768w\" sizes=\"(max-width: 542px) 100vw, 542px\" \/><\/figure><\/div>\n\n\n\n<div class=\"wp-block-image\"><figure class=\"aligncenter size-large\"><img decoding=\"async\" loading=\"lazy\" width=\"1024\" height=\"442\" src=\"https:\/\/monicasilva.net\/Home\/wp-content\/uploads\/2022\/03\/grupo4-1024x442.jpg\" alt=\"\" class=\"wp-image-254\" srcset=\"https:\/\/monicasilva.net\/Home\/wp-content\/uploads\/2022\/03\/grupo4-1024x442.jpg 1024w, https:\/\/monicasilva.net\/Home\/wp-content\/uploads\/2022\/03\/grupo4-300x129.jpg 300w, https:\/\/monicasilva.net\/Home\/wp-content\/uploads\/2022\/03\/grupo4-768x331.jpg 768w, https:\/\/monicasilva.net\/Home\/wp-content\/uploads\/2022\/03\/grupo4.jpg 1143w\" sizes=\"(max-width: 767px) 89vw, (max-width: 1000px) 54vw, (max-width: 1071px) 543px, 580px\" \/><\/figure><\/div>\n","protected":false},"excerpt":{"rendered":"<p>O grupo de pesquisa Hum\u00e2nITas tem como objetivo estimular um olhar mais humano sobre o desenvolvimento e o uso de tecnologias da informa\u00e7\u00e3o, buscando gerar reflex\u00f5es e novas pr\u00e1ticas em pesquisadores, empresas, usu\u00e1rios de TI e governo. O grupo tem como foco aplica\u00e7\u00f5es nas \u00e1reas de Sa\u00fade e de Educa\u00e7\u00e3o, permitindo e estimulando a integra\u00e7\u00e3o &hellip; <\/p>\n<p class=\"link-more\"><a href=\"https:\/\/monicasilva.net\/Home\/humanitas\/\" class=\"more-link\">Continue lendo<span class=\"screen-reader-text\"> &#8220;Hum\u00e2nITas&#8221;<\/span><\/a><\/p>\n","protected":false},"author":1,"featured_media":0,"parent":0,"menu_order":0,"comment_status":"closed","ping_status":"closed","template":"","meta":[],"_links":{"self":[{"href":"https:\/\/monicasilva.net\/Home\/wp-json\/wp\/v2\/pages\/80"}],"collection":[{"href":"https:\/\/monicasilva.net\/Home\/wp-json\/wp\/v2\/pages"}],"about":[{"href":"https:\/\/monicasilva.net\/Home\/wp-json\/wp\/v2\/types\/page"}],"author":[{"embeddable":true,"href":"https:\/\/monicasilva.net\/Home\/wp-json\/wp\/v2\/users\/1"}],"replies":[{"embeddable":true,"href":"https:\/\/monicasilva.net\/Home\/wp-json\/wp\/v2\/comments?post=80"}],"version-history":[{"count":22,"href":"https:\/\/monicasilva.net\/Home\/wp-json\/wp\/v2\/pages\/80\/revisions"}],"predecessor-version":[{"id":256,"href":"https:\/\/monicasilva.net\/Home\/wp-json\/wp\/v2\/pages\/80\/revisions\/256"}],"wp:attachment":[{"href":"https:\/\/monicasilva.net\/Home\/wp-json\/wp\/v2\/media?parent=80"}],"curies":[{"name":"wp","href":"https:\/\/api.w.org\/{rel}","templated":true}]}}